{"id":139,"date":"2026-01-02T09:45:32","date_gmt":"2026-01-02T08:45:32","guid":{"rendered":"http:\/\/bil2.pl\/?page_id=139"},"modified":"2026-01-02T09:45:33","modified_gmt":"2026-01-02T08:45:33","slug":"strona-glowna-3","status":"publish","type":"page","link":"https:\/\/bil2.pl\/","title":{"rendered":"Strona g\u0142\u00f3wna"},"content":{"rendered":"\n  \n    <section class=\"u-align-center u-clearfix u-container-align-center u-valign-middle-md u-valign-top-lg u-valign-top-sm u-valign-top-xl u-white u-section-1\" id=\"carousel_4fed\">\n      <div class=\"u-expanded-width u-palette-2-base u-shape u-shape-rectangle u-shape-1\"><\/div>\n      <div class=\"custom-expanded u-list u-list-1\">\n        <div class=\"u-repeater u-repeater-1\">\n          <div class=\"u-align-left u-border-5 u-border-no-left u-border-no-right u-border-no-top u-border-palette-2-base u-container-style u-list-item u-repeater-item u-shape-rectangle u-white u-list-item-1\" data-animation-name=\"customAnimationIn\" data-animation-duration=\"1500\" data-animation-delay=\"250\">\n            <div class=\"u-container-layout u-similar-container u-valign-top-lg u-valign-top-md u-valign-top-sm u-valign-top-xs u-container-layout-1\">\n              <img decoding=\"async\" class=\"custom-expanded u-image u-image-contain u-image-default u-preserve-proportions u-image-1\" src=\"https:\/\/bil2.pl\/wp-content\/uploads\/2026\/01\/5-lat-gwarancji-2.png\" alt=\"\" data-image-width=\"738\" data-image-height=\"738\">\n              <h4 class=\"u-text u-text-1\">5 LAT Gwarancji<\/h4>\n              <p class=\"u-text u-text-2\">Wszystkie produkty marki BiL2 posiadaj\u0105 5 letni okres gwarancji. To gwarancja jako\u015bci, kt\u00f3r\u0105 dajemy naszym klientom.<\/p>\n            <\/div>\n          <\/div>\n          <div class=\"u-align-left u-border-5 u-border-no-left u-border-no-right u-border-no-top u-border-palette-2-base u-container-style u-list-item u-repeater-item u-shape-rectangle u-video-cover u-white u-list-item-2\" data-animation-name=\"customAnimationIn\" data-animation-duration=\"1500\" data-animation-delay=\"250\">\n            <div class=\"u-container-layout u-similar-container u-valign-top-lg u-valign-top-md u-valign-top-sm u-valign-top-xs u-container-layout-2\">\n              <img decoding=\"async\" class=\"custom-expanded u-image u-image-contain u-image-default u-preserve-proportions u-image-2\" src=\"https:\/\/bil2.pl\/wp-content\/uploads\/2026\/01\/BiL2-polska-marka-polski-kapita-2.png\" alt=\"\" data-image-width=\"400\" data-image-height=\"313\">\n              <h4 class=\"u-text u-text-3\">BiL2 Polska Marka<\/h4>\n              <p class=\"u-text u-text-4\">Polska Marka produkt\u00f3w ECO. EKOlogia i EKOnomia w jednej marce. Wiele produkt\u00f3w<br>&nbsp;w r\u00f3\u017cnych kategoriach i 5 lat gwarancji na ka\u017cdy .<br>\n              <\/p>\n            <\/div>\n          <\/div>\n          <div class=\"u-align-left u-border-5 u-border-no-left u-border-no-right u-border-no-top u-border-palette-2-base u-container-align-left u-container-align-left-lg u-container-align-left-xl u-container-style u-list-item u-repeater-item u-shape-rectangle u-video-cover u-white u-list-item-3\" data-animation-name=\"customAnimationIn\" data-animation-duration=\"1500\" data-animation-delay=\"250\">\n            <div class=\"u-container-layout u-similar-container u-valign-top-lg u-valign-top-md u-valign-top-sm u-valign-top-xs u-container-layout-3\">\n              <img decoding=\"async\" class=\"custom-expanded u-image u-image-contain u-image-default u-preserve-proportions u-image-3\" src=\"https:\/\/bil2.pl\/wp-content\/uploads\/2026\/01\/eco-friendly-2.png\" alt=\"\" data-image-width=\"703\" data-image-height=\"656\">\n              <h4 class=\"u-text u-text-5\">EKOlogia BiL2<\/h4>\n              <p class=\"u-text u-text-6\"> D\u0142ugotrwa\u0142e u\u017cytkowanie jednego produktu zmniejsza zapotrzebowanie na surowce&nbsp;<br>i energi\u0119 potrzebne do produkcji nowych wyrob\u00f3w.&nbsp;\n              <\/p>\n            <\/div>\n          <\/div>\n          <div class=\"u-align-left u-border-5 u-border-no-left u-border-no-right u-border-no-top u-border-palette-2-base u-container-style u-list-item u-repeater-item u-shape-rectangle u-video-cover u-white u-list-item-4\" data-animation-name=\"customAnimationIn\" data-animation-duration=\"1500\" data-animation-delay=\"250\">\n            <div class=\"u-container-layout u-similar-container u-valign-top-lg u-valign-top-md u-valign-top-sm u-valign-top-xs u-container-layout-4\">\n              <img decoding=\"async\" class=\"custom-expanded u-image u-image-contain u-image-default u-preserve-proportions u-image-4\" src=\"https:\/\/bil2.pl\/wp-content\/uploads\/2026\/01\/ekonomicznie-2.png\" alt=\"\" data-image-width=\"703\" data-image-height=\"656\">\n              <h4 class=\"u-text u-text-7\">EKOnomia BiL2<\/h4>\n              <p class=\"u-text u-text-8\"> U\u017cywanie jednego produktu przez d\u0142u\u017cszy czas to realna oszcz\u0119dno\u015b\u0107. Mniej wydatk\u00f3w na cz\u0119ste zakupy i wi\u0119cej pieni\u0119dzy dla Ciebie.&nbsp;<br>\n              <\/p>\n            <\/div>\n          <\/div>\n        <\/div>\n      <\/div>\n    <\/section>\n    <section class=\"u-clearfix u-container-align-center u-section-2\" id=\"carousel_faba\">\n      <div class=\"u-clearfix u-sheet u-valign-middle-lg u-valign-middle-md u-valign-middle-sm u-valign-middle-xl u-sheet-1\">\n        <div class=\"data-layout-selected u-clearfix u-expanded-width u-layout-wrap u-layout-wrap-1\">\n          <div class=\"u-layout\">\n            <div class=\"u-layout-row\">\n              <div class=\"u-container-align-left-xl u-container-style u-layout-cell u-radius u-shape-round u-size-31-lg u-size-31-xl u-size-60-md u-size-60-sm u-size-60-xs u-layout-cell-1\">\n                <div class=\"u-container-layout u-valign-top-lg u-valign-top-sm u-valign-top-xl u-valign-top-xs u-container-layout-1\">\n                  <img decoding=\"async\" class=\"custom-expanded u-image u-image-default u-image-1\" src=\"https:\/\/bil2.pl\/wp-content\/uploads\/2026\/01\/BIL2-eko-2.jpg\" alt=\"\" data-image-width=\"740\" data-image-height=\"1110\" data-animation-name=\"flipIn\" data-animation-duration=\"1500\" data-animation-delay=\"0\" data-animation-direction=\"X\">\n                <\/div>\n              <\/div>\n              <div class=\"u-container-style u-layout-cell u-shape-rectangle u-size-29-lg u-size-29-xl u-size-60-md u-size-60-sm u-size-60-xs u-layout-cell-2\" data-animation-name=\"customAnimationIn\" data-animation-duration=\"1500\" data-animation-delay=\"500\">\n                <div class=\"u-container-layout u-valign-middle-lg u-valign-middle-sm u-container-layout-2\">\n                  <h5 class=\"u-align-left u-text u-text-custom-color-2 u-text-1\">FILOZOFIA MARKI <span style=\"font-weight: 700;\">BiL2 <\/span>\n                  <\/h5>\n                  <h2 class=\"u-align-left u-text u-text-default u-text-2\"><span style=\"font-weight: 700;\">EKO<\/span>logia mo\u017ce by\u0107 EKOnomiczna&nbsp;\n                  <\/h2>\n                  <p class=\"u-align-left u-text u-text-3\"><span style=\"font-weight: 700;\">W produktach BiL2 oszcz\u0119dzamy tam, gdzie nie wp\u0142ywa to na jako\u015b\u0107.&nbsp;<\/span>\n                    <br>\n                    <br>W produktach BiL2 stawiamy na trwa\u0142o\u015b\u0107 i odpowiedzialno\u015b\u0107. Wszystkie produkty BiL2 obj\u0119te s\u0105 5-letni\u0105 gwarancj\u0105, bo wierzymy, \u017ce d\u0142ugie u\u017cytkowanie to oszcz\u0119dno\u015b\u0107 dla Ciebie i korzy\u015b\u0107 dla planety. Dbamy o jako\u015b\u0107, nie o zb\u0119dny przepych, dlatego nasze opakowania s\u0105 estetyczne, ale nie podnosz\u0105 niepotrzebnie ceny produktu.<br>\n                    <br><span style=\"font-weight: 700;\" class=\"u-text-custom-color-2\">To \u015bwiadomy wyb\u00f3r - ekologiczny i ekonomiczny.<\/span>\n                  <\/p>\n                  <a href=\"\" class=\"u-active-palette-2-dark-1 u-align-left u-border-none u-btn u-button-style u-hover-custom-color-1 u-palette-2-base u-btn-1\">ZOBACZ PRODUKTY&nbsp;&nbsp;<span class=\"u-file-icon u-icon u-text-white u-icon-1\"><img decoding=\"async\" src=\"https:\/\/bil2.pl\/wp-content\/uploads\/2026\/01\/c9848c63-2.png\" alt=\"\"><\/span>\n                  <\/a>\n                <\/div>\n              <\/div>\n            <\/div>\n          <\/div>\n        <\/div>\n      <\/div>\n    <\/section>\n    <section class=\"skrollable u-clearfix u-palette-2-base u-parallax u-valign-middle-lg u-valign-middle-sm u-valign-middle-xl u-section-3\" id=\"carousel_2943\">\n      <div class=\"u-container-style u-expanded-width u-group u-image u-shape-rectangle u-image-1\" data-animation-name=\"customAnimationIn\" data-animation-duration=\"1500\" data-animation-delay=\"500\" data-image-width=\"1488\" data-image-height=\"500\" style=\"background-image: url(&quot;https:\/\/bil2.pl\/wp-content\/uploads\/2026\/01\/BIL2-ekonom_ban2.jpg&quot;);\">\n        <div class=\"u-container-layout u-container-layout-1\">\n          <h2 class=\"u-align-left u-text u-text-white u-text-1\" data-animation-name=\"customAnimationIn\" data-animation-duration=\"2000\" data-animation-delay=\"0\">BiL2 to trwa\u0142o\u015b\u0107, kt\u00f3ra<br>si\u0119 op\u0142aca.\n          <\/h2>\n          <p class=\"u-align-left u-text u-text-white u-text-2\"> Nasze produkty tworzymy tak, aby s\u0142u\u017cy\u0142y przez lata, dlatego dajemy na nie a\u017c <span style=\"font-weight: 700;\">5 lat gwarancji<\/span>. To nie tylko pewno\u015b\u0107 jako\u015bci, ale tak\u017ce realna oszcz\u0119dno\u015b\u0107: wybieraj\u0105c BiL2, unikasz cz\u0119stych wymian, napraw i dodatkowych koszt\u00f3w.\n          <\/p>\n          <p class=\"u-align-left u-text u-text-white u-text-3\"><span style=\"font-weight: 700;\"> Ekonomia w praktyce<\/span> - trwa\u0142e rozwi\u0105zania BiL2 oznaczaj\u0105 mniej wydatk\u00f3w.<br><span style=\"font-weight: 700;\">Ekologia w dzia\u0142aniu<\/span> - d\u0142u\u017csza \u017cywotno\u015b\u0107 produkt\u00f3w to r\u00f3wnie\u017c mniejsza ilo\u015b\u0107 odpad\u00f3w i \u015bwiadomy wyb\u00f3r dla \u015brodowiska.<br>\n          <\/p>\n          <a href=\"\" class=\"u-active-palette-2-dark-1 u-align-left u-border-none u-btn u-button-style u-hover-palette-2-light-1 u-palette-2-base u-btn-1\">ZOBACZ PRODUKTY&nbsp;&nbsp;<span class=\"u-file-icon u-icon u-text-white u-icon-1\"><img decoding=\"async\" src=\"https:\/\/bil2.pl\/wp-content\/uploads\/2026\/01\/c9848c63-2.png\" alt=\"\"><\/span>\n          <\/a>\n        <\/div>\n      <\/div>\n    <\/section>\n    <section class=\"u-align-left u-clearfix u-container-align-center-lg u-container-align-center-xl u-container-align-left u-container-align-left-lg u-container-align-left-xl u-section-4\" id=\"carousel_5c2d\">\n      <div class=\"u-clearfix u-sheet u-valign-middle-lg u-valign-middle-sm u-sheet-1\">\n        <h2 class=\"u-align-center u-text u-text-custom-color-2 u-text-default u-text-1\" data-animation-name=\"customAnimationIn\" data-animation-duration=\"1500\" data-animation-delay=\"200\"> Chcesz zosta\u0107 dystrybutorem BiL2?<\/h2>\n        <div class=\"u-expanded-width u-list u-list-1\">\n          <div class=\"u-repeater u-repeater-1\">\n            <div class=\"u-align-left u-container-align-left u-container-align-left-lg u-container-align-left-xl u-container-style u-list-item u-radius u-repeater-item u-shape-round u-white u-list-item-1\" data-animation-name=\"customAnimationIn\" data-animation-duration=\"1500\" data-animation-delay=\"500\">\n              <div class=\"u-container-layout u-similar-container u-valign-top-lg u-valign-top-md u-valign-top-sm u-container-layout-1\">\n                <h5 class=\"u-align-left u-custom-font u-font-montserrat u-text u-text-2\"> Dystrybutor BiL2<\/h5>\n                <p class=\"u-align-left u-text u-text-3\"> Do\u0142\u0105cz do sieci oficjalnych dystrybutor\u00f3w marki BIL2 - polskiej marki produkt\u00f3w EKO (ekologicznych i ekonomicznych). Buduj sw\u00f3j biznes z solidnym partnerem i rozwijaj si\u0119 razem z nami.<br>\n                <\/p>\n                <div class=\"u-align-left u-border-2 u-border-custom-color-3 u-expanded-width u-line u-line-horizontal u-line-1\"><\/div>\n              <\/div>\n            <\/div>\n            <div class=\"u-align-left u-container-align-left u-container-align-left-lg u-container-align-left-xl u-container-style u-list-item u-radius u-repeater-item u-shape-round u-white u-list-item-2\" data-animation-name=\"customAnimationIn\" data-animation-duration=\"1500\" data-animation-delay=\"500\">\n              <div class=\"u-container-layout u-similar-container u-valign-top-lg u-valign-top-md u-valign-top-sm u-container-layout-2\">\n                <h5 class=\"u-align-left u-custom-font u-font-montserrat u-text u-text-4\">Mo\u017cliwo\u015bci<\/h5>\n                <p class=\"u-align-left u-text u-text-5\"> Zyskujesz dost\u0119p do w pe\u0142ni zautomatyzowanego systemu obs\u0142ugi, kt\u00f3ry gwarantuje szybko\u015b\u0107 i sprawno\u015b\u0107 dzia\u0142ania. Nasze produkty to pewno\u015b\u0107 jako\u015bci potwierdzona 5-letni\u0105 gwarancj\u0105, co daje Ci przewag\u0119 na rynku.<\/p>\n                <div class=\"u-align-left u-border-2 u-border-custom-color-3 u-expanded-width u-line u-line-horizontal u-line-2\"><\/div>\n              <\/div>\n            <\/div>\n            <div class=\"u-align-left u-container-align-left u-container-align-left-lg u-container-align-left-xl u-container-style u-list-item u-radius u-repeater-item u-shape-round u-white u-list-item-3\" data-animation-name=\"customAnimationIn\" data-animation-duration=\"1500\" data-animation-delay=\"500\">\n              <div class=\"u-container-layout u-similar-container u-valign-top-lg u-valign-top-md u-valign-top-sm u-container-layout-3\">\n                <h5 class=\"u-align-left u-custom-font u-font-montserrat u-text u-text-6\">Wsp\u00f3\u0142praca<\/h5>\n                <p class=\"u-align-left u-text u-text-7\"> Stawiamy na partnerskie relacje i wsp\u00f3lny rozw\u00f3j. Oferujemy atrakcyjne warunki, wsparcie na ka\u017cdym etapie wsp\u00f3\u0142pracy oraz produkty, kt\u00f3re \u0142\u0105cz\u0105 ekologi\u0119 z ekonomi\u0105 - dla lepszego jutra i stabilnego biznesu.<\/p>\n                <div class=\"u-align-left u-border-2 u-border-custom-color-3 u-expanded-width u-line u-line-horizontal u-line-3\"><\/div>\n              <\/div>\n            <\/div>\n          <\/div>\n        <\/div>\n      <\/div>\n    <\/section>\n    \n    \n    \n    \n  \n","protected":false},"excerpt":{"rendered":"<p>5 LAT Gwarancji Wszystkie produkty marki BiL2 posiadaj\u0105 5 letni okres gwarancji. To gwarancja jako\u015bci, kt\u00f3r\u0105 dajemy naszym klientom. BiL2 Polska Marka Polska Marka produkt\u00f3w ECO. EKOlogia i EKOnomia w jednej marce. Wiele produkt\u00f3w&nbsp;w r\u00f3\u017cnych kategoriach i 5 lat gwarancji na ka\u017cdy . EKOlogia BiL2 D\u0142ugotrwa\u0142e u\u017cytkowanie jednego produktu zmniejsza zapotrzebowanie na surowce&nbsp;i energi\u0119 potrzebne &hellip; <a href=\"https:\/\/bil2.pl\/\" class=\"more-link\">Continue reading<span class=\"screen-reader-text\"> &#8220;Strona g\u0142\u00f3wna&#8221;<\/span><\/a><\/p>\n","protected":false},"author":1,"featured_media":0,"parent":0,"menu_order":1,"comment_status":"closed","ping_status":"closed","template":"","meta":{"footnotes":""},"class_list":["post-139","page","type-page","status-publish","hentry"],"_links":{"self":[{"href":"https:\/\/bil2.pl\/index.php?rest_route=\/wp\/v2\/pages\/139","targetHints":{"allow":["GET"]}}],"collection":[{"href":"https:\/\/bil2.pl\/index.php?rest_route=\/wp\/v2\/pages"}],"about":[{"href":"https:\/\/bil2.pl\/index.php?rest_route=\/wp\/v2\/types\/page"}],"author":[{"embeddable":true,"href":"https:\/\/bil2.pl\/index.php?rest_route=\/wp\/v2\/users\/1"}],"replies":[{"embeddable":true,"href":"https:\/\/bil2.pl\/index.php?rest_route=%2Fwp%2Fv2%2Fcomments&post=139"}],"version-history":[{"count":1,"href":"https:\/\/bil2.pl\/index.php?rest_route=\/wp\/v2\/pages\/139\/revisions"}],"predecessor-version":[{"id":146,"href":"https:\/\/bil2.pl\/index.php?rest_route=\/wp\/v2\/pages\/139\/revisions\/146"}],"wp:attachment":[{"href":"https:\/\/bil2.pl\/index.php?rest_route=%2Fwp%2Fv2%2Fmedia&parent=139"}],"curies":[{"name":"wp","href":"https:\/\/api.w.org\/{rel}","templated":true}]}}